{"id":689,"date":"2016-08-01T16:32:47","date_gmt":"2016-08-01T19:32:47","guid":{"rendered":"http:\/\/augustobaffa.pro.br\/site\/?page_id=689"},"modified":"2020-08-28T15:42:28","modified_gmt":"2020-08-28T18:42:28","slug":"desafios-online","status":"publish","type":"page","link":"https:\/\/augustobaffa.pro.br\/site\/desafios-online\/","title":{"rendered":"Desafios Online"},"content":{"rendered":"<p>Os desafios online foram criados para partidas online de &#8220;problemas de programa\u00e7\u00e3o&#8221;. Utiliza um ambiente multiagentes desenvolvido inicialmente para avalia\u00e7\u00e3o final da disciplina de Intelig\u00eancia Artificial do Departamento de Inform\u00e1tica da PUC-Rio.<\/p>\n<p>Cada desafio possui sua biblioteca para comunica\u00e7\u00e3o com o ambiente atrav\u00e9s de rede (local ou internet), a qual o participante usa para desenvolver e controlar seu programa\/solu\u00e7\u00e3o, e competir com os demais participantes atrav\u00e9s do ambiente.<\/p>\n<p>Os jogos foram desenvolvidos para serem usados como avalia\u00e7\u00e3o de trabalhos de fim de curso e campeonatos. Atualmente est\u00e3o dispon\u00edveis os seguintes desafios:<\/p>\n<ul>\n<li><a href=\"https:\/\/augustobaffa.pro.br\/site\/inf1771-inteligencia-artificial-desafio-dos-drones\/\">IA &#8211; Desafio dos Drones<\/a><\/li>\n<li><a href=\"https:\/\/augustobaffa.pro.br\/site\/multi-agent-fixed-cost-transportation-game\/\">Multi Agent Fixed Cost Transportation Game<\/a><\/li>\n<\/ul>\n","protected":false},"excerpt":{"rendered":"<p>Os desafios online foram criados para partidas online de &#8220;problemas de programa\u00e7\u00e3o&#8221;. Utiliza um ambiente multiagentes desenvolvido inicialmente para avalia\u00e7\u00e3o final da disciplina de Intelig\u00eancia Artificial do Departamento de Inform\u00e1tica da PUC-Rio. Cada desafio possui sua biblioteca para comunica\u00e7\u00e3o com o ambiente atrav\u00e9s de rede (local ou internet), a qual o participante usa para desenvolver [&hellip;]<\/p>\n","protected":false},"author":1,"featured_media":0,"parent":0,"menu_order":0,"comment_status":"closed","ping_status":"closed","template":"","meta":{"jetpack_post_was_ever_published":false,"footnotes":""},"class_list":["post-689","page","type-page","status-publish","hentry","post"],"jetpack_sharing_enabled":true,"jetpack_shortlink":"https:\/\/wp.me\/P45Kmr-b7","jetpack-related-posts":[],"_links":{"self":[{"href":"https:\/\/augustobaffa.pro.br\/site\/wp-json\/wp\/v2\/pages\/689","targetHints":{"allow":["GET"]}}],"collection":[{"href":"https:\/\/augustobaffa.pro.br\/site\/wp-json\/wp\/v2\/pages"}],"about":[{"href":"https:\/\/augustobaffa.pro.br\/site\/wp-json\/wp\/v2\/types\/page"}],"author":[{"embeddable":true,"href":"https:\/\/augustobaffa.pro.br\/site\/wp-json\/wp\/v2\/users\/1"}],"replies":[{"embeddable":true,"href":"https:\/\/augustobaffa.pro.br\/site\/wp-json\/wp\/v2\/comments?post=689"}],"version-history":[{"count":3,"href":"https:\/\/augustobaffa.pro.br\/site\/wp-json\/wp\/v2\/pages\/689\/revisions"}],"predecessor-version":[{"id":3988,"href":"https:\/\/augustobaffa.pro.br\/site\/wp-json\/wp\/v2\/pages\/689\/revisions\/3988"}],"wp:attachment":[{"href":"https:\/\/augustobaffa.pro.br\/site\/wp-json\/wp\/v2\/media?parent=689"}],"curies":[{"name":"wp","href":"https:\/\/api.w.org\/{rel}","templated":true}]}}