{"id":1760,"date":"2017-09-16T18:51:21","date_gmt":"2017-09-16T21:51:21","guid":{"rendered":"http:\/\/augustobaffa.pro.br\/site\/?page_id=1760"},"modified":"2020-08-28T15:42:53","modified_gmt":"2020-08-28T18:42:53","slug":"woofy-personal-assistant-chatbot","status":"publish","type":"page","link":"https:\/\/augustobaffa.pro.br\/site\/woofy-personal-assistant-chatbot\/","title":{"rendered":"Woofy Personal Assistant Chatbot"},"content":{"rendered":"<div style=\"float:right; padding:5px; text-align: center;\"><img decoding=\"async\" src=\"http:\/\/woofy.baffasoft.com.br\/psy-galgos-static.gif\"><br \/>\n<a href=\"http:\/\/telegram.me\/galgosbot\" target=\"_blank\" rel=\"noopener noreferrer\">Telegram Bot<\/a><br \/>\n<a href=\"http:\/\/woofy.baffasoft.com.br\" target=\"_blank\" rel=\"noopener noreferrer\">Demonstra\u00e7\u00e3o Web<\/a><\/div>\n<p>O Woofy foi criado originalmente como um bot de telegram que serviria como notificador de eventos e informaria resultados ap\u00f3s a execu\u00e7\u00e3o de scripts de pesquisa. Ao longo do tempo, for recebendo a adi\u00e7\u00e3o de diversos recursos que ajudariam no dia a dia dos alunos do laborat\u00f3rio Galgos do depto de inform\u00e1tica da PUC-Rio. Entre outros recursos, o woofy pode dizer sobre:<\/p>\n<ul>\n<li>Card\u00e1pio do Bandej\u00e3o<\/li>\n<li>Previs\u00e3o\/Condi\u00e7\u00e3o do Tempo<\/li>\n<li>Call-for-papers de congressos<\/li>\n<li>Qualis de Confer\u00eancias\/Peri\u00f3dicos<\/li>\n<li>Informa\u00e7\u00f5es sobre disciplinas da PUC-Rio<\/li>\n<li>Filmes em Cartaz nos Cinemas do Rio de Janeiro<\/li>\n<li>Cota\u00e7\u00e3o de Moedas<\/li>\n<\/ul>\n<p>O woofy tamb\u00e9m pode falar sobre algum assunto (que ele consulta na wikipedia) e aprender durante a conversa (gera\u00e7\u00e3o autom\u00e1tica de AIML).<\/p>\n","protected":false},"excerpt":{"rendered":"<p>Telegram Bot Demonstra\u00e7\u00e3o Web O Woofy foi criado originalmente como um bot de telegram que serviria como notificador de eventos e informaria resultados ap\u00f3s a execu\u00e7\u00e3o de scripts de pesquisa. Ao longo do tempo, for recebendo a adi\u00e7\u00e3o de diversos recursos que ajudariam no dia a dia dos alunos do laborat\u00f3rio Galgos do depto de [&hellip;]<\/p>\n","protected":false},"author":1,"featured_media":0,"parent":0,"menu_order":0,"comment_status":"closed","ping_status":"closed","template":"","meta":{"jetpack_post_was_ever_published":false,"footnotes":""},"class_list":["post-1760","page","type-page","status-publish","hentry","post"],"jetpack_sharing_enabled":true,"jetpack_shortlink":"https:\/\/wp.me\/P45Kmr-so","jetpack-related-posts":[],"_links":{"self":[{"href":"https:\/\/augustobaffa.pro.br\/site\/wp-json\/wp\/v2\/pages\/1760","targetHints":{"allow":["GET"]}}],"collection":[{"href":"https:\/\/augustobaffa.pro.br\/site\/wp-json\/wp\/v2\/pages"}],"about":[{"href":"https:\/\/augustobaffa.pro.br\/site\/wp-json\/wp\/v2\/types\/page"}],"author":[{"embeddable":true,"href":"https:\/\/augustobaffa.pro.br\/site\/wp-json\/wp\/v2\/users\/1"}],"replies":[{"embeddable":true,"href":"https:\/\/augustobaffa.pro.br\/site\/wp-json\/wp\/v2\/comments?post=1760"}],"version-history":[{"count":4,"href":"https:\/\/augustobaffa.pro.br\/site\/wp-json\/wp\/v2\/pages\/1760\/revisions"}],"predecessor-version":[{"id":3994,"href":"https:\/\/augustobaffa.pro.br\/site\/wp-json\/wp\/v2\/pages\/1760\/revisions\/3994"}],"wp:attachment":[{"href":"https:\/\/augustobaffa.pro.br\/site\/wp-json\/wp\/v2\/media?parent=1760"}],"curies":[{"name":"wp","href":"https:\/\/api.w.org\/{rel}","templated":true}]}}